{"id":1735,"date":"2023-01-11T20:07:53","date_gmt":"2023-01-11T20:07:53","guid":{"rendered":"https:\/\/dikugeschenke.de\/?page_id=1735"},"modified":"2023-01-11T20:07:53","modified_gmt":"2023-01-11T20:07:53","slug":"impressum","status":"publish","type":"page","link":"https:\/\/dikugeschenke.de\/ku\/impressum\/","title":{"rendered":"Impressum"},"content":{"rendered":"<p><b>Impressum<\/b><b><br \/><br \/><\/b><\/p>\r\n<p><span style=\"font-weight: 400;\">Angaben gem\u00e4\u00df \u00a7 5 TMG:<\/span><\/p>\r\n<p>&nbsp;<\/p>\r\n<p><span style=\"font-weight: 400;\">R\u00fccksende-Adresse:<\/span><\/p>\r\n<p>&nbsp;<\/p>\r\n<p><span style=\"font-weight: 400;\">Dikugeschenke<\/span><\/p>\r\n<p><span style=\"font-weight: 400;\">Bozenerstrasse 12<\/span><span style=\"font-weight: 400;\"><br \/><\/span><span style=\"font-weight: 400;\">79111 Freiburg<\/span><\/p>\r\n<p>&nbsp;<\/p>\r\n<p><span style=\"font-weight: 400;\">E-Mail: info@dikugeschenke.de<\/span><\/p>\r\n<p>&nbsp;<\/p>\r\n<p><span style=\"font-weight: 400;\">Gesch\u00e4ftsf\u00fchrung<\/span><\/p>\r\n<p><span style=\"font-weight: 400;\">Avdo Karatas<\/span><\/p>\r\n<p><span style=\"font-weight: 400;\">Umsatzsteuer-Identifikationsnummer gem. \u00a727a UStG:<\/span><\/p>\r\n<p><span style=\"font-weight: 400;\">DEXXXXXXX<\/span><\/p>\r\n<p>&nbsp;<\/p>\r\n<p><span style=\"font-weight: 400;\">Aufsichtsbeh\u00f6rde:<\/span><\/p>\r\n<p><span style=\"font-weight: 400;\">Gewerbeamt Freiburg<\/span><\/p>\r\n<p><span style=\"font-weight: 400;\">Gesetzliche Berufsbezeichnung: Freiberufler<\/span><\/p>\r\n<p><span style=\"font-weight: 400;\">Zust\u00e4ndige Kammer: Kammer Freiburg<\/span><\/p>\r\n<p><span style=\"font-weight: 400;\">Verliehen durch: Deutschland<\/span><\/p>\r\n<p>&nbsp;<\/p>\r\n<p><span style=\"font-weight: 400;\">Haftung f\u00fcr Inhalte<\/span><\/p>\r\n<p><span style=\"font-weight: 400;\">Als Dienstanbieter sind wir gem\u00e4\u00df \u00a7 7 Abs.1 TMG f\u00fcr eigene Inhalte auf diesen Seiten nach den allgemeinen Gesetzen verantwortlich. Nach \u00a7\u00a7 8 bis 10 TMG sind wir als Dienstanbieter jedoch nicht verpflichtet, \u00fcbermittelte oder gespeicherte fremde Informationen zu \u00fcberwachen oder nach Umst\u00e4nden zu forschen, die auf eine rechtswidrige T\u00e4tigkeit hinweisen. Verpflichtungen zur Entfernung oder Sperrung der Nutzung von Informationen nach den allgemeinen Gesetzen bleiben hiervon unber\u00fchrt. Eine diesbez\u00fcgliche Haftung ist jedoch erst ab dem Zeitpunkt der Kenntnis einer konkreten Rechtsverletzung m\u00f6glich. Bei Bekanntwerden von entsprechenden Rechtsverletzungen werden wir diese Inhalte umgehend entfernen.<\/span><\/p>\r\n<p>&nbsp;<\/p>\r\n<p><span style=\"font-weight: 400;\">Haftung f\u00fcr Links<\/span><\/p>\r\n<p><span style=\"font-weight: 400;\">Unser Angebot enth\u00e4lt Links zu externen Webseiten Dritter, auf deren Inhalte wir keinen Einfluss haben. Deshalb k\u00f6nnen wir f\u00fcr diese fremden Inhalte auch keine Gew\u00e4hr \u00fcbernehmen. F\u00fcr die Inhalte der verlinkten Seiten ist stets der jeweilige Anbieter oder Betreiber der Seiten verantwortlich. Die verlinkten Seiten wurden zum Zeitpunkt der Verlinkung auf m\u00f6gliche Rechtsverst\u00f6\u00dfe \u00fcberpr\u00fcft. Rechtswidrige Inhalte waren zum Zeitpunkt der Verlinkung nicht erkennbar. Eine permanente inhaltliche Kontrolle der verlinkten Seiten ist jedoch ohne konkrete Anhaltspunkte einer Rechtsverletzung nicht zumutbar. Bei Bekanntwerden von Rechtsverletzungen werden wir derartige Links umgehend entfernen.<\/span><\/p>\r\n<p><span style=\"font-weight: 400;\">Urheberrecht<\/span><\/p>\r\n<p>&nbsp;<\/p>\r\n<p><span style=\"font-weight: 400;\">Die durch die Seitenbetreiber erstellten Inhalte und Werke auf diesen Seiten unterliegen dem deutschen Urheberrecht. Die Vervielf\u00e4ltigung, Bearbeitung, Verbreitung und jede Art der Verwertung au\u00dferhalb der Grenzen des Urheberrechtes bed\u00fcrfen der schriftlichen Zustimmung des jeweiligen Autors bzw. Erstellers. Downloads und Kopien dieser Seite sind nur f\u00fcr den privaten, nicht kommerziellen Gebrauch gestattet. Soweit die Inhalte auf dieser Seite nicht vom Betreiber erstellt wurden, werden die Urheberrechte Dritter beachtet. Insbesondere werden Inhalte Dritter als solche gekennzeichnet. Sollten Sie trotzdem auf eine Urheberrechtsverletzung aufmerksam werden, bitten wir um einen entsprechenden Hinweis. Bei Bekanntwerden von Rechtsverletzungen werden wir derartige Inhalte umgehend entfernen.<\/span><\/p>\r\n<p>&nbsp;<\/p>\r\n<p><span style=\"font-weight: 400;\">Die Europ\u00e4ische Kommission bietet eine Onlineplattform f\u00fcr Streitbeilegung an, die Sie hier finden: https:\/\/ec.europa.eu\/consumers\/odr\/<\/span><\/p>\r\n<p>&nbsp;<\/p>\r\n<p><span style=\"font-weight: 400;\">Unter diesem Link finden Sie die Kontaktdaten der offiziellen Streitbeilegungsstellen: https:\/\/webgate.ec.europa.eu\/odr\/main\/index.cfm?event=main.adr.show<\/span><\/p>","protected":false},"excerpt":{"rendered":"<p>Impressum Angaben gem\u00e4\u00df \u00a7 5 TMG: &nbsp; R\u00fccksende-Adresse: &nbsp; Dikugeschenke Bozenerstrasse 1279111 Freiburg &nbsp; E-Mail: info@dikugeschenke.de &nbsp; Gesch\u00e4ftsf\u00fchrung Avdo Karatas Umsatzsteuer-Identifikationsnummer gem. \u00a727a UStG: DEXXXXXXX&#8230;<\/p>","protected":false},"author":1,"featured_media":0,"parent":0,"menu_order":0,"comment_status":"closed","ping_status":"closed","template":"","meta":[],"_links":{"self":[{"href":"https:\/\/dikugeschenke.de\/ku\/wp-json\/wp\/v2\/pages\/1735"}],"collection":[{"href":"https:\/\/dikugeschenke.de\/ku\/wp-json\/wp\/v2\/pages"}],"about":[{"href":"https:\/\/dikugeschenke.de\/ku\/wp-json\/wp\/v2\/types\/page"}],"author":[{"embeddable":true,"href":"https:\/\/dikugeschenke.de\/ku\/wp-json\/wp\/v2\/users\/1"}],"replies":[{"embeddable":true,"href":"https:\/\/dikugeschenke.de\/ku\/wp-json\/wp\/v2\/comments?post=1735"}],"version-history":[{"count":1,"href":"https:\/\/dikugeschenke.de\/ku\/wp-json\/wp\/v2\/pages\/1735\/revisions"}],"predecessor-version":[{"id":1740,"href":"https:\/\/dikugeschenke.de\/ku\/wp-json\/wp\/v2\/pages\/1735\/revisions\/1740"}],"wp:attachment":[{"href":"https:\/\/dikugeschenke.de\/ku\/wp-json\/wp\/v2\/media?parent=1735"}],"curies":[{"name":"wp","href":"https:\/\/api.w.org\/{rel}","templated":true}]}}